{"id":37,"date":"2025-10-07T19:45:29","date_gmt":"2025-10-07T19:45:29","guid":{"rendered":"https:\/\/larviksvommeklubb.no\/index.php\/home\/"},"modified":"2026-01-27T15:13:30","modified_gmt":"2026-01-27T15:13:30","slug":"hjem","status":"publish","type":"page","link":"https:\/\/larviksvommeklubb.no\/","title":{"rendered":"hjem"},"content":{"rendered":"\t\t<div data-elementor-type=\"wp-page\" data-elementor-id=\"37\" class=\"elementor elementor-37\">\n\t\t\t\t<div class=\"elementor-element elementor-element-7426c920 e-flex e-con-boxed e-con e-parent\" data-id=\"7426c920\" data-element_type=\"container\" data-e-type=\"container\" data-settings=\"{&quot;background_background&quot;:&quot;classic&quot;}\">\n\t\t\t\t\t<div class=\"e-con-inner\">\n\t\t\t\t<div class=\"elementor-element elementor-element-4a0fd027 elementor-widget elementor-widget-heading\" data-id=\"4a0fd027\" data-element_type=\"widget\" data-e-type=\"widget\" data-widget_type=\"heading.default\">\n\t\t\t\t\t<h1 class=\"elementor-heading-title elementor-size-default\">Larvik Sv\u00f8mmeklubb<\/h1>\t\t\t\t<\/div>\n\t\t\t\t<div class=\"elementor-element elementor-element-505bff5e elementor-widget__width-auto elementor-widget elementor-widget-heading\" data-id=\"505bff5e\" data-element_type=\"widget\" data-e-type=\"widget\" data-widget_type=\"heading.default\">\n\t\t\t\t\t<h5 class=\"elementor-heading-title elementor-size-default\"><blockquote data-start=\"192\" data-end=\"286\"><blockquote data-start=\"192\" data-end=\"286\"><p data-start=\"194\" data-end=\"286\">En klubb for sv\u00f8mmeglede, mestring og fellesskap \u2014 for barn, ungdom og voksne.<\/p><\/blockquote><p data-start=\"194\" data-end=\"286\">Vi e<b>LSK<\/b>er sv\u00f8mming!<\/p><\/blockquote><\/h5>\t\t\t\t<\/div>\n\t\t\t\t<div class=\"elementor-element elementor-element-4b7c188d elementor-align-center elementor-widget elementor-widget-button\" data-id=\"4b7c188d\" data-element_type=\"widget\" data-e-type=\"widget\" data-widget_type=\"button.default\">\n\t\t\t\t\t\t\t\t\t\t<a class=\"elementor-button elementor-button-link elementor-size-sm\" href=\"https:\/\/larviksvommeklubb.no\/index.php\/contact\/\">\n\t\t\t\t\t\t<span class=\"elementor-button-content-wrapper\">\n\t\t\t\t\t\t\t\t\t<span class=\"elementor-button-text\">Ta Kontakt<\/span>\n\t\t\t\t\t<\/span>\n\t\t\t\t\t<\/a>\n\t\t\t\t\t\t\t\t<\/div>\n\t\t\t\t\t<\/div>\n\t\t\t\t<\/div>\n\t\t<div class=\"elementor-element elementor-element-3034535b e-con-full e-flex e-con e-parent\" data-id=\"3034535b\" data-element_type=\"container\" data-e-type=\"container\">\n\t\t<div class=\"elementor-element elementor-element-6a263b30 e-con-full e-flex e-con e-child\" data-id=\"6a263b30\" data-element_type=\"container\" data-e-type=\"container\">\n\t\t\t\t<div class=\"elementor-element elementor-element-39b4cc8f elementor-widget elementor-widget-heading\" data-id=\"39b4cc8f\" data-element_type=\"widget\" data-e-type=\"widget\" data-widget_type=\"heading.default\">\n\t\t\t\t\t<h2 class=\"elementor-heading-title elementor-size-default\"><b>Om oss<\/b><\/h2>\t\t\t\t<\/div>\n\t\t\t\t<div class=\"elementor-element elementor-element-6cca1cbf elementor-widget elementor-widget-text-editor\" data-id=\"6cca1cbf\" data-element_type=\"widget\" data-e-type=\"widget\" data-widget_type=\"text-editor.default\">\n\t\t\t\t\t\t\t\t\t<p>Larvik sv\u00f8mmeklubb har lange tradisjoner som idrettslag i Larvik. Klubben ble stiftet i 1935, og har som form\u00e5l \u00e5 fremme idrettsglede, trivsel, samhold og trygghet. Larvik sv\u00f8mmeklubb har ca 400 medlemmer. Det er ca 80 aktive sv\u00f8mmere fordelt p\u00e5 6 ulike sv\u00f8mmepartier, inndelt etter b\u00e5de alder og ferdigheter.\u00a0\u00a0<\/p><p>Sv\u00f8mmeklubben er aktiv b\u00e5de p\u00e5 rekruttstevner og approberte stevner, og arrangerer ogs\u00e5 rekruttstevner \u00e5rlig. I tillegg har klubben sv\u00f8mmeundervisning for b\u00e5de barn, ungdom og voksne. Det er alts\u00e5 en aktiv klubb, som legger ned veldig mye god jobb for v\u00e5re medlemmer.\u00a0\u00a0<\/p><p>\u00a0<\/p><p>\u00a0<\/p>\t\t\t\t\t\t\t\t<\/div>\n\t\t\t\t<div class=\"elementor-element elementor-element-5b473ebf elementor-invisible elementor-widget elementor-widget-button\" data-id=\"5b473ebf\" data-element_type=\"widget\" data-e-type=\"widget\" data-settings=\"{&quot;_animation&quot;:&quot;fadeInDown&quot;}\" data-widget_type=\"button.default\">\n\t\t\t\t\t\t\t\t\t\t<a class=\"elementor-button elementor-button-link elementor-size-sm\" href=\"https:\/\/larviksvommeklubb.no\/index.php\/om-oss\/\">\n\t\t\t\t\t\t<span class=\"elementor-button-content-wrapper\">\n\t\t\t\t\t\t\t\t\t<span class=\"elementor-button-text\">Les mer<\/span>\n\t\t\t\t\t<\/span>\n\t\t\t\t\t<\/a>\n\t\t\t\t\t\t\t\t<\/div>\n\t\t\t\t<\/div>\n\t\t<div class=\"elementor-element elementor-element-5b47e6ab e-con-full e-flex e-con e-child\" data-id=\"5b47e6ab\" data-element_type=\"container\" data-e-type=\"container\">\n\t\t\t\t<div class=\"elementor-element elementor-element-3f9683f3 elementor-widget elementor-widget-image\" data-id=\"3f9683f3\" data-element_type=\"widget\" data-e-type=\"widget\" data-widget_type=\"image.default\">\n\t\t\t\t\t\t\t\t\t\t\t\t\t\t\t<img fetchpriority=\"high\" decoding=\"async\" width=\"1536\" height=\"1370\" src=\"https:\/\/larviksvommeklubb.no\/wp-content\/uploads\/2025\/10\/alma-sara.png\" class=\"attachment-full size-full wp-image-398\" alt=\"\" srcset=\"https:\/\/larviksvommeklubb.no\/wp-content\/uploads\/2025\/10\/alma-sara.png 1536w, https:\/\/larviksvommeklubb.no\/wp-content\/uploads\/2025\/10\/alma-sara-300x268.png 300w, https:\/\/larviksvommeklubb.no\/wp-content\/uploads\/2025\/10\/alma-sara-1024x913.png 1024w, https:\/\/larviksvommeklubb.no\/wp-content\/uploads\/2025\/10\/alma-sara-768x685.png 768w\" sizes=\"(max-width: 1536px) 100vw, 1536px\" \/>\t\t\t\t\t\t\t\t\t\t\t\t\t\t\t<\/div>\n\t\t\t\t<\/div>\n\t\t\t\t<\/div>\n\t\t<div class=\"elementor-element elementor-element-43d2809 e-flex e-con-boxed e-con e-parent\" data-id=\"43d2809\" data-element_type=\"container\" data-e-type=\"container\">\n\t\t\t\t\t<div class=\"e-con-inner\">\n\t\t<div class=\"elementor-element elementor-element-d2a6e8f e-con-full e-flex e-con e-child\" data-id=\"d2a6e8f\" data-element_type=\"container\" data-e-type=\"container\">\n\t\t\t\t<div class=\"elementor-element elementor-element-376e582 elementor-widget elementor-widget-image\" data-id=\"376e582\" data-element_type=\"widget\" data-e-type=\"widget\" data-widget_type=\"image.default\">\n\t\t\t\t\t\t\t\t\t\t\t\t\t\t\t<img decoding=\"async\" width=\"800\" height=\"450\" src=\"https:\/\/larviksvommeklubb.no\/wp-content\/uploads\/2025\/10\/abfdb053-e3c3-4a57-aa97-965ecf9199e1-1024x576.jpg\" class=\"attachment-large size-large wp-image-401\" alt=\"\" srcset=\"https:\/\/larviksvommeklubb.no\/wp-content\/uploads\/2025\/10\/abfdb053-e3c3-4a57-aa97-965ecf9199e1-1024x576.jpg 1024w, https:\/\/larviksvommeklubb.no\/wp-content\/uploads\/2025\/10\/abfdb053-e3c3-4a57-aa97-965ecf9199e1-300x169.jpg 300w, https:\/\/larviksvommeklubb.no\/wp-content\/uploads\/2025\/10\/abfdb053-e3c3-4a57-aa97-965ecf9199e1-768x432.jpg 768w, https:\/\/larviksvommeklubb.no\/wp-content\/uploads\/2025\/10\/abfdb053-e3c3-4a57-aa97-965ecf9199e1-1536x864.jpg 1536w, https:\/\/larviksvommeklubb.no\/wp-content\/uploads\/2025\/10\/abfdb053-e3c3-4a57-aa97-965ecf9199e1.jpg 2048w\" sizes=\"(max-width: 800px) 100vw, 800px\" \/>\t\t\t\t\t\t\t\t\t\t\t\t\t\t\t<\/div>\n\t\t<div class=\"elementor-element elementor-element-15ccfa1 e-con-full e-flex e-con e-child\" data-id=\"15ccfa1\" data-element_type=\"container\" data-e-type=\"container\">\n\t\t\t\t<div class=\"elementor-element elementor-element-9b59057 elementor-widget elementor-widget-heading\" data-id=\"9b59057\" data-element_type=\"widget\" data-e-type=\"widget\" data-widget_type=\"heading.default\">\n\t\t\t\t\t<h3 class=\"elementor-heading-title elementor-size-default\"><a href=\"https:\/\/larviksvommeklubb.no\/index.php\/klubben-var\/?\">Sv\u00f8mmeklubben<\/a><\/h3>\t\t\t\t<\/div>\n\t\t\t\t<div class=\"elementor-element elementor-element-91cce83 elementor-widget elementor-widget-text-editor\" data-id=\"91cce83\" data-element_type=\"widget\" data-e-type=\"widget\" data-widget_type=\"text-editor.default\">\n\t\t\t\t\t\t\t\t\t<p style=\"text-align: center;\">Bli med p\u00e5 treninger og konkurranser<\/p>\t\t\t\t\t\t\t\t<\/div>\n\t\t\t\t<\/div>\n\t\t\t\t<\/div>\n\t\t<div class=\"elementor-element elementor-element-16df361 e-con-full e-flex e-con e-child\" data-id=\"16df361\" data-element_type=\"container\" data-e-type=\"container\">\n\t\t\t\t<div class=\"elementor-element elementor-element-1aa8d27 elementor-widget elementor-widget-image\" data-id=\"1aa8d27\" data-element_type=\"widget\" data-e-type=\"widget\" data-widget_type=\"image.default\">\n\t\t\t\t\t\t\t\t\t\t\t\t\t\t\t<img decoding=\"async\" width=\"800\" height=\"534\" src=\"https:\/\/larviksvommeklubb.no\/wp-content\/uploads\/2025\/10\/pexels-nurseryart-346776-1024x683.jpg\" class=\"attachment-large size-large wp-image-68\" alt=\"\" srcset=\"https:\/\/larviksvommeklubb.no\/wp-content\/uploads\/2025\/10\/pexels-nurseryart-346776-1024x683.jpg 1024w, https:\/\/larviksvommeklubb.no\/wp-content\/uploads\/2025\/10\/pexels-nurseryart-346776-300x200.jpg 300w, https:\/\/larviksvommeklubb.no\/wp-content\/uploads\/2025\/10\/pexels-nurseryart-346776-768x512.jpg 768w, https:\/\/larviksvommeklubb.no\/wp-content\/uploads\/2025\/10\/pexels-nurseryart-346776-1536x1024.jpg 1536w, https:\/\/larviksvommeklubb.no\/wp-content\/uploads\/2025\/10\/pexels-nurseryart-346776-2048x1365.jpg 2048w\" sizes=\"(max-width: 800px) 100vw, 800px\" \/>\t\t\t\t\t\t\t\t\t\t\t\t\t\t\t<\/div>\n\t\t<div class=\"elementor-element elementor-element-10f4ee3 e-con-full e-flex e-con e-child\" data-id=\"10f4ee3\" data-element_type=\"container\" data-e-type=\"container\">\n\t\t\t\t<div class=\"elementor-element elementor-element-9aa1c12 elementor-widget elementor-widget-heading\" data-id=\"9aa1c12\" data-element_type=\"widget\" data-e-type=\"widget\" data-widget_type=\"heading.default\">\n\t\t\t\t\t<h3 class=\"elementor-heading-title elementor-size-default\"><a href=\"https:\/\/larviksvommeklubb.no\/index.php\/elementor-side-350\/\">Sv\u00f8mmekurs<\/a><\/h3>\t\t\t\t<\/div>\n\t\t\t\t<div class=\"elementor-element elementor-element-1e75632 elementor-widget elementor-widget-text-editor\" data-id=\"1e75632\" data-element_type=\"widget\" data-e-type=\"widget\" data-widget_type=\"text-editor.default\">\n\t\t\t\t\t\t\t\t\t<p style=\"text-align: center;\">L\u00e6r og sv\u00f8m uansett alder<\/p>\t\t\t\t\t\t\t\t<\/div>\n\t\t\t\t<\/div>\n\t\t\t\t<\/div>\n\t\t\t\t\t<\/div>\n\t\t\t\t<\/div>\n\t\t<div class=\"elementor-element elementor-element-0453229 e-con-full e-flex e-con e-parent\" data-id=\"0453229\" data-element_type=\"container\" data-e-type=\"container\" data-settings=\"{&quot;background_background&quot;:&quot;classic&quot;}\">\n\t\t<div class=\"elementor-element elementor-element-b0700b1 e-con-full e-flex e-con e-child\" data-id=\"b0700b1\" data-element_type=\"container\" data-e-type=\"container\">\n\t\t\t\t<div class=\"elementor-element elementor-element-31ff810 elementor-widget__width-initial elementor-widget elementor-widget-heading\" data-id=\"31ff810\" data-element_type=\"widget\" data-e-type=\"widget\" data-widget_type=\"heading.default\">\n\t\t\t\t\t<h2 class=\"elementor-heading-title elementor-size-default\">Ser dette ut som noe for deg, ta kontakt!<\/h2>\t\t\t\t<\/div>\n\t\t\t\t<div class=\"elementor-element elementor-element-3cee237 elementor-widget elementor-widget-text-editor\" data-id=\"3cee237\" data-element_type=\"widget\" data-e-type=\"widget\" data-widget_type=\"text-editor.default\">\n\t\t\t\t\t\t\t\t\t<p>Har du lyst til \u00e5 pr\u00f8ve ut sv\u00f8mming. Ta kontakt med oss, s\u00e5 finner vi det partiet som passer for deg.\u00a0<\/p>\t\t\t\t\t\t\t\t<\/div>\n\t\t<div class=\"elementor-element elementor-element-1a7e462 e-con-full e-flex e-con e-child\" data-id=\"1a7e462\" data-element_type=\"container\" data-e-type=\"container\">\n\t\t\t\t<div class=\"elementor-element elementor-element-a77a730 elementor-widget__width-initial elementor-invisible elementor-widget elementor-widget-button\" data-id=\"a77a730\" data-element_type=\"widget\" data-e-type=\"widget\" data-settings=\"{&quot;_animation&quot;:&quot;fadeInDown&quot;}\" data-widget_type=\"button.default\">\n\t\t\t\t\t\t\t\t\t\t<a class=\"elementor-button elementor-button-link elementor-size-sm\" href=\"https:\/\/www.tryggivann.no\/finnkursklubb.aspx?arr=27&#038;kurstype=-1\">\n\t\t\t\t\t\t<span class=\"elementor-button-content-wrapper\">\n\t\t\t\t\t\t\t\t\t<span class=\"elementor-button-text\">Kontakt<\/span>\n\t\t\t\t\t<\/span>\n\t\t\t\t\t<\/a>\n\t\t\t\t\t\t\t\t<\/div>\n\t\t\t\t<\/div>\n\t\t\t\t<\/div>\n\t\t<div class=\"elementor-element elementor-element-16f5223 e-flex e-con-boxed e-con e-child\" data-id=\"16f5223\" data-element_type=\"container\" data-e-type=\"container\">\n\t\t\t\t\t<div class=\"e-con-inner\">\n\t\t\t\t<div class=\"elementor-element elementor-element-a3e0477 elementor-widget elementor-widget-google_maps\" data-id=\"a3e0477\" data-element_type=\"widget\" data-e-type=\"widget\" data-widget_type=\"google_maps.default\">\n\t\t\t\t\t\t\t<div class=\"elementor-custom-embed\">\n\t\t\t<iframe loading=\"lazy\"\n\t\t\t\t\tsrc=\"https:\/\/maps.google.com\/maps?q=Ahlefeldts%20gate%204%2C%203262%20Larvik&#038;t=m&#038;z=10&#038;output=embed&#038;iwloc=near\"\n\t\t\t\t\ttitle=\"Ahlefeldts gate 4, 3262 Larvik\"\n\t\t\t\t\taria-label=\"Ahlefeldts gate 4, 3262 Larvik\"\n\t\t\t><\/iframe>\n\t\t<\/div>\n\t\t\t\t\t\t<\/div>\n\t\t\t\t\t<\/div>\n\t\t\t\t<\/div>\n\t\t\t\t<\/div>\n\t\t\t\t<\/div>\n\t\t","protected":false},"excerpt":{"rendered":"<p>Larvik Sv\u00f8mmeklubb En klubb for sv\u00f8mmeglede, mestring og fellesskap \u2014 for barn, ungdom og voksne. Vi eLSKer sv\u00f8mming! Ta Kontakt Om oss Larvik sv\u00f8mmeklubb har lange tradisjoner som idrettslag i Larvik. Klubben ble stiftet i 1935, og har som form\u00e5l \u00e5 fremme idrettsglede, trivsel, samhold og trygghet. Larvik sv\u00f8mmeklubb har ca 400 medlemmer. Det er [&hellip;]<\/p>\n","protected":false},"author":1,"featured_media":41,"parent":0,"menu_order":0,"comment_status":"closed","ping_status":"closed","template":"elementor_header_footer","meta":{"footnotes":""},"class_list":["post-37","page","type-page","status-publish","has-post-thumbnail","hentry"],"yoast_head":"<!-- This site is optimized with the Yoast SEO plugin v27.4 - https:\/\/yoast.com\/product\/yoast-seo-wordpress\/ -->\n<title>hjem - Larvik sv\u00f8mmeklubb<\/title>\n<meta name=\"robots\" content=\"index, follow, max-snippet:-1, max-image-preview:large, max-video-preview:-1\" \/>\n<link rel=\"canonical\" href=\"https:\/\/larviksvommeklubb.no\/\" \/>\n<meta property=\"og:locale\" content=\"nb_NO\" \/>\n<meta property=\"og:type\" content=\"article\" \/>\n<meta property=\"og:title\" content=\"hjem - Larvik sv\u00f8mmeklubb\" \/>\n<meta property=\"og:description\" content=\"Larvik Sv\u00f8mmeklubb En klubb for sv\u00f8mmeglede, mestring og fellesskap \u2014 for barn, ungdom og voksne. Vi eLSKer sv\u00f8mming! Ta Kontakt Om oss Larvik sv\u00f8mmeklubb har lange tradisjoner som idrettslag i Larvik. Klubben ble stiftet i 1935, og har som form\u00e5l \u00e5 fremme idrettsglede, trivsel, samhold og trygghet. Larvik sv\u00f8mmeklubb har ca 400 medlemmer. Det er [&hellip;]\" \/>\n<meta property=\"og:url\" content=\"https:\/\/larviksvommeklubb.no\/\" \/>\n<meta property=\"og:site_name\" content=\"Larvik sv\u00f8mmeklubb\" \/>\n<meta property=\"article:modified_time\" content=\"2026-01-27T15:13:30+00:00\" \/>\n<meta property=\"og:image\" content=\"https:\/\/larviksvommeklubb.no\/wp-content\/uploads\/2025\/10\/Homepage-400_380.jpg\" \/>\n\t<meta property=\"og:image:width\" content=\"400\" \/>\n\t<meta property=\"og:image:height\" content=\"380\" \/>\n\t<meta property=\"og:image:type\" content=\"image\/jpeg\" \/>\n<meta name=\"twitter:card\" content=\"summary_large_image\" \/>\n<meta name=\"twitter:label1\" content=\"Ansl. lesetid\" \/>\n\t<meta name=\"twitter:data1\" content=\"1 minutt\" \/>\n<script type=\"application\/ld+json\" class=\"yoast-schema-graph\">{\"@context\":\"https:\\\/\\\/schema.org\",\"@graph\":[{\"@type\":\"WebPage\",\"@id\":\"https:\\\/\\\/larviksvommeklubb.no\\\/\",\"url\":\"https:\\\/\\\/larviksvommeklubb.no\\\/\",\"name\":\"hjem - Larvik sv\u00f8mmeklubb\",\"isPartOf\":{\"@id\":\"https:\\\/\\\/larviksvommeklubb.no\\\/#website\"},\"primaryImageOfPage\":{\"@id\":\"https:\\\/\\\/larviksvommeklubb.no\\\/#primaryimage\"},\"image\":{\"@id\":\"https:\\\/\\\/larviksvommeklubb.no\\\/#primaryimage\"},\"thumbnailUrl\":\"https:\\\/\\\/larviksvommeklubb.no\\\/wp-content\\\/uploads\\\/2025\\\/10\\\/Homepage-400_380.jpg\",\"datePublished\":\"2025-10-07T19:45:29+00:00\",\"dateModified\":\"2026-01-27T15:13:30+00:00\",\"breadcrumb\":{\"@id\":\"https:\\\/\\\/larviksvommeklubb.no\\\/#breadcrumb\"},\"inLanguage\":\"nb-NO\",\"potentialAction\":[{\"@type\":\"ReadAction\",\"target\":[\"https:\\\/\\\/larviksvommeklubb.no\\\/\"]}]},{\"@type\":\"ImageObject\",\"inLanguage\":\"nb-NO\",\"@id\":\"https:\\\/\\\/larviksvommeklubb.no\\\/#primaryimage\",\"url\":\"https:\\\/\\\/larviksvommeklubb.no\\\/wp-content\\\/uploads\\\/2025\\\/10\\\/Homepage-400_380.jpg\",\"contentUrl\":\"https:\\\/\\\/larviksvommeklubb.no\\\/wp-content\\\/uploads\\\/2025\\\/10\\\/Homepage-400_380.jpg\",\"width\":400,\"height\":380},{\"@type\":\"BreadcrumbList\",\"@id\":\"https:\\\/\\\/larviksvommeklubb.no\\\/#breadcrumb\",\"itemListElement\":[{\"@type\":\"ListItem\",\"position\":1,\"name\":\"Hjem\",\"item\":\"https:\\\/\\\/larviksvommeklubb.no\\\/\"},{\"@type\":\"ListItem\",\"position\":2,\"name\":\"hjem\"}]},{\"@type\":\"WebSite\",\"@id\":\"https:\\\/\\\/larviksvommeklubb.no\\\/#website\",\"url\":\"https:\\\/\\\/larviksvommeklubb.no\\\/\",\"name\":\"Larvik sv\u00f8mmeklubb\",\"description\":\"En sv\u00f8meklubb for store og sm\u00e5 i larvik\",\"publisher\":{\"@id\":\"https:\\\/\\\/larviksvommeklubb.no\\\/#organization\"},\"potentialAction\":[{\"@type\":\"SearchAction\",\"target\":{\"@type\":\"EntryPoint\",\"urlTemplate\":\"https:\\\/\\\/larviksvommeklubb.no\\\/?s={search_term_string}\"},\"query-input\":{\"@type\":\"PropertyValueSpecification\",\"valueRequired\":true,\"valueName\":\"search_term_string\"}}],\"inLanguage\":\"nb-NO\"},{\"@type\":\"Organization\",\"@id\":\"https:\\\/\\\/larviksvommeklubb.no\\\/#organization\",\"name\":\"Larvik sv\u00f8mmeklubb\",\"url\":\"https:\\\/\\\/larviksvommeklubb.no\\\/\",\"logo\":{\"@type\":\"ImageObject\",\"inLanguage\":\"nb-NO\",\"@id\":\"https:\\\/\\\/larviksvommeklubb.no\\\/#\\\/schema\\\/logo\\\/image\\\/\",\"url\":\"https:\\\/\\\/larviksvommeklubb.no\\\/wp-content\\\/uploads\\\/2025\\\/10\\\/277790524_400301812100880_8304823727079010002_n-removebg-preview.png\",\"contentUrl\":\"https:\\\/\\\/larviksvommeklubb.no\\\/wp-content\\\/uploads\\\/2025\\\/10\\\/277790524_400301812100880_8304823727079010002_n-removebg-preview.png\",\"width\":400,\"height\":431,\"caption\":\"Larvik sv\u00f8mmeklubb\"},\"image\":{\"@id\":\"https:\\\/\\\/larviksvommeklubb.no\\\/#\\\/schema\\\/logo\\\/image\\\/\"}}]}<\/script>\n<!-- \/ Yoast SEO plugin. -->","yoast_head_json":{"title":"hjem - Larvik sv\u00f8mmeklubb","robots":{"index":"index","follow":"follow","max-snippet":"max-snippet:-1","max-image-preview":"max-image-preview:large","max-video-preview":"max-video-preview:-1"},"canonical":"https:\/\/larviksvommeklubb.no\/","og_locale":"nb_NO","og_type":"article","og_title":"hjem - Larvik sv\u00f8mmeklubb","og_description":"Larvik Sv\u00f8mmeklubb En klubb for sv\u00f8mmeglede, mestring og fellesskap \u2014 for barn, ungdom og voksne. Vi eLSKer sv\u00f8mming! Ta Kontakt Om oss Larvik sv\u00f8mmeklubb har lange tradisjoner som idrettslag i Larvik. Klubben ble stiftet i 1935, og har som form\u00e5l \u00e5 fremme idrettsglede, trivsel, samhold og trygghet. Larvik sv\u00f8mmeklubb har ca 400 medlemmer. Det er [&hellip;]","og_url":"https:\/\/larviksvommeklubb.no\/","og_site_name":"Larvik sv\u00f8mmeklubb","article_modified_time":"2026-01-27T15:13:30+00:00","og_image":[{"width":400,"height":380,"url":"https:\/\/larviksvommeklubb.no\/wp-content\/uploads\/2025\/10\/Homepage-400_380.jpg","type":"image\/jpeg"}],"twitter_card":"summary_large_image","twitter_misc":{"Ansl. lesetid":"1 minutt"},"schema":{"@context":"https:\/\/schema.org","@graph":[{"@type":"WebPage","@id":"https:\/\/larviksvommeklubb.no\/","url":"https:\/\/larviksvommeklubb.no\/","name":"hjem - Larvik sv\u00f8mmeklubb","isPartOf":{"@id":"https:\/\/larviksvommeklubb.no\/#website"},"primaryImageOfPage":{"@id":"https:\/\/larviksvommeklubb.no\/#primaryimage"},"image":{"@id":"https:\/\/larviksvommeklubb.no\/#primaryimage"},"thumbnailUrl":"https:\/\/larviksvommeklubb.no\/wp-content\/uploads\/2025\/10\/Homepage-400_380.jpg","datePublished":"2025-10-07T19:45:29+00:00","dateModified":"2026-01-27T15:13:30+00:00","breadcrumb":{"@id":"https:\/\/larviksvommeklubb.no\/#breadcrumb"},"inLanguage":"nb-NO","potentialAction":[{"@type":"ReadAction","target":["https:\/\/larviksvommeklubb.no\/"]}]},{"@type":"ImageObject","inLanguage":"nb-NO","@id":"https:\/\/larviksvommeklubb.no\/#primaryimage","url":"https:\/\/larviksvommeklubb.no\/wp-content\/uploads\/2025\/10\/Homepage-400_380.jpg","contentUrl":"https:\/\/larviksvommeklubb.no\/wp-content\/uploads\/2025\/10\/Homepage-400_380.jpg","width":400,"height":380},{"@type":"BreadcrumbList","@id":"https:\/\/larviksvommeklubb.no\/#breadcrumb","itemListElement":[{"@type":"ListItem","position":1,"name":"Hjem","item":"https:\/\/larviksvommeklubb.no\/"},{"@type":"ListItem","position":2,"name":"hjem"}]},{"@type":"WebSite","@id":"https:\/\/larviksvommeklubb.no\/#website","url":"https:\/\/larviksvommeklubb.no\/","name":"Larvik sv\u00f8mmeklubb","description":"En sv\u00f8meklubb for store og sm\u00e5 i larvik","publisher":{"@id":"https:\/\/larviksvommeklubb.no\/#organization"},"potentialAction":[{"@type":"SearchAction","target":{"@type":"EntryPoint","urlTemplate":"https:\/\/larviksvommeklubb.no\/?s={search_term_string}"},"query-input":{"@type":"PropertyValueSpecification","valueRequired":true,"valueName":"search_term_string"}}],"inLanguage":"nb-NO"},{"@type":"Organization","@id":"https:\/\/larviksvommeklubb.no\/#organization","name":"Larvik sv\u00f8mmeklubb","url":"https:\/\/larviksvommeklubb.no\/","logo":{"@type":"ImageObject","inLanguage":"nb-NO","@id":"https:\/\/larviksvommeklubb.no\/#\/schema\/logo\/image\/","url":"https:\/\/larviksvommeklubb.no\/wp-content\/uploads\/2025\/10\/277790524_400301812100880_8304823727079010002_n-removebg-preview.png","contentUrl":"https:\/\/larviksvommeklubb.no\/wp-content\/uploads\/2025\/10\/277790524_400301812100880_8304823727079010002_n-removebg-preview.png","width":400,"height":431,"caption":"Larvik sv\u00f8mmeklubb"},"image":{"@id":"https:\/\/larviksvommeklubb.no\/#\/schema\/logo\/image\/"}}]}},"_links":{"self":[{"href":"https:\/\/larviksvommeklubb.no\/index.php\/wp-json\/wp\/v2\/pages\/37","targetHints":{"allow":["GET"]}}],"collection":[{"href":"https:\/\/larviksvommeklubb.no\/index.php\/wp-json\/wp\/v2\/pages"}],"about":[{"href":"https:\/\/larviksvommeklubb.no\/index.php\/wp-json\/wp\/v2\/types\/page"}],"author":[{"embeddable":true,"href":"https:\/\/larviksvommeklubb.no\/index.php\/wp-json\/wp\/v2\/users\/1"}],"replies":[{"embeddable":true,"href":"https:\/\/larviksvommeklubb.no\/index.php\/wp-json\/wp\/v2\/comments?post=37"}],"version-history":[{"count":275,"href":"https:\/\/larviksvommeklubb.no\/index.php\/wp-json\/wp\/v2\/pages\/37\/revisions"}],"predecessor-version":[{"id":934,"href":"https:\/\/larviksvommeklubb.no\/index.php\/wp-json\/wp\/v2\/pages\/37\/revisions\/934"}],"wp:featuredmedia":[{"embeddable":true,"href":"https:\/\/larviksvommeklubb.no\/index.php\/wp-json\/wp\/v2\/media\/41"}],"wp:attachment":[{"href":"https:\/\/larviksvommeklubb.no\/index.php\/wp-json\/wp\/v2\/media?parent=37"}],"curies":[{"name":"wp","href":"https:\/\/api.w.org\/{rel}","templated":true}]}}