{"id":348,"date":"2025-10-09T12:42:04","date_gmt":"2025-10-09T12:42:04","guid":{"rendered":"https:\/\/larviksvommeklubb.no\/?page_id=348"},"modified":"2026-01-29T13:41:52","modified_gmt":"2026-01-29T13:41:52","slug":"klubben-var","status":"publish","type":"page","link":"https:\/\/larviksvommeklubb.no\/index.php\/klubben-var\/","title":{"rendered":"Klubben v\u00e5r"},"content":{"rendered":"\t\t<div data-elementor-type=\"wp-page\" data-elementor-id=\"348\" class=\"elementor elementor-348\">\n\t\t\t\t<div class=\"elementor-element elementor-element-fa57497 e-flex e-con-boxed e-con e-parent\" data-id=\"fa57497\" data-element_type=\"container\" data-e-type=\"container\">\n\t\t\t\t\t<div class=\"e-con-inner\">\n\t\t\t\t<div class=\"elementor-element elementor-element-d11d5fe elementor-widget elementor-widget-heading\" data-id=\"d11d5fe\" data-element_type=\"widget\" data-e-type=\"widget\" data-widget_type=\"heading.default\">\n\t\t\t\t\t<h2 class=\"elementor-heading-title elementor-size-default\">Larvik sv\u00f8mmeklubb<\/h2>\t\t\t\t<\/div>\n\t\t\t\t\t<\/div>\n\t\t\t\t<\/div>\n\t\t<div class=\"elementor-element elementor-element-ebbb3f4 e-flex e-con-boxed e-con e-parent\" data-id=\"ebbb3f4\" data-element_type=\"container\" data-e-type=\"container\">\n\t\t\t\t\t<div class=\"e-con-inner\">\n\t\t<div class=\"elementor-element elementor-element-fc8d87f e-con-full e-flex e-con e-child\" data-id=\"fc8d87f\" data-element_type=\"container\" data-e-type=\"container\">\n\t\t\t\t<div class=\"elementor-element elementor-element-ef50787 elementor-widget elementor-widget-text-editor\" data-id=\"ef50787\" data-element_type=\"widget\" data-e-type=\"widget\" data-widget_type=\"text-editor.default\">\n\t\t\t\t\t\t\t\t\t<p style=\"text-align: center;\">Larvik sv\u00f8mmeklubb er en klubb som satser p\u00e5 konkurransesv\u00f8mming, hvor topp og bredde g\u00e5r sammen i en parallell utvikling. Aktivitetene er preget av trivsel, sportslige og sosiale ambisjoner.\u00a0<\/p>\t\t\t\t\t\t\t\t<\/div>\n\t\t\t\t<div class=\"elementor-element elementor-element-bdf6b0c elementor-widget elementor-widget-image\" data-id=\"bdf6b0c\" data-element_type=\"widget\" data-e-type=\"widget\" data-widget_type=\"image.default\">\n\t\t\t\t\t\t\t\t\t\t\t\t\t\t\t<img fetchpriority=\"high\" decoding=\"async\" width=\"800\" height=\"377\" src=\"https:\/\/larviksvommeklubb.no\/wp-content\/uploads\/2025\/10\/a9751d11-ed0f-43b4-b2f2-597124464e9b-1024x483.jpg\" class=\"attachment-large size-large wp-image-431\" alt=\"\" srcset=\"https:\/\/larviksvommeklubb.no\/wp-content\/uploads\/2025\/10\/a9751d11-ed0f-43b4-b2f2-597124464e9b-1024x483.jpg 1024w, https:\/\/larviksvommeklubb.no\/wp-content\/uploads\/2025\/10\/a9751d11-ed0f-43b4-b2f2-597124464e9b-300x141.jpg 300w, https:\/\/larviksvommeklubb.no\/wp-content\/uploads\/2025\/10\/a9751d11-ed0f-43b4-b2f2-597124464e9b-768x362.jpg 768w, https:\/\/larviksvommeklubb.no\/wp-content\/uploads\/2025\/10\/a9751d11-ed0f-43b4-b2f2-597124464e9b-1536x724.jpg 1536w, https:\/\/larviksvommeklubb.no\/wp-content\/uploads\/2025\/10\/a9751d11-ed0f-43b4-b2f2-597124464e9b.jpg 2048w\" sizes=\"(max-width: 800px) 100vw, 800px\" \/>\t\t\t\t\t\t\t\t\t\t\t\t\t\t\t<\/div>\n\t\t\t\t<div class=\"elementor-element elementor-element-5405259 elementor-widget elementor-widget-text-editor\" data-id=\"5405259\" data-element_type=\"widget\" data-e-type=\"widget\" data-widget_type=\"text-editor.default\">\n\t\t\t\t\t\t\t\t\t<h6><strong><span style=\"color: #000000;\">V\u00e5re partier:<\/span><\/strong><\/h6><p><span style=\"color: #000000;\"><b>D-Partiet<\/b><\/span><\/p><p>Tilbud om 2 sv\u00f8mme\u00f8kter i uken.<\/p><p>Hovedtyngde 8-11 \u00e5r<\/p><p>Kan delta p\u00e5 rekruttstevner<\/p><p>\u00a0<\/p><p><span style=\"color: #000000;\"><b>C-Partiet<\/b><\/span><\/p><p>Tilbud om 3 sv\u00f8mme\u00f8kter + 1 basis\u00f8kt i uken.<\/p><p>Hovedtyngde 10-13 \u00e5r<\/p><p>Kan delta p\u00e5 rekruttstevner eller approberte stevner.<\/p><p>\u00a0<\/p><p><span style=\"color: #000000;\"><b>B-Partiet<\/b><\/span><\/p><p>Tilbud om 4 sv\u00f8mme\u00f8kter + 1 &#8211; 2 basis\u00f8kter i uken.\u00a0<\/p><p>Hovedtyngde 11-14 \u00e5r<\/p><p>Deltar p\u00e5 approberte stevner.<\/p><p>\u00a0<\/p><p><span style=\"color: #000000;\"><b>A-Partiet<\/b><\/span><\/p><p>Tilbud om 6 sv\u00f8mme\u00f8kter + 1 &#8211; 2 basis\u00f8kter i uken\u00a0<\/p><p>Hovedtyngde 12-18 \u00e5r<\/p><p>Deltar p\u00e5 approberte stevner.<\/p><p>\u00a0<\/p><p><span style=\"color: #000000;\"><b>Masters<\/b><\/span><\/p><p>Her kan alle over 25 bli med \u2013 det finnes ingen \u00f8vre aldersgrense eller krav om \u00e5 delta p\u00e5 stevner. Klubben har en aktiv gruppe som trener sammen, gjerne badstu etterp\u00e5. Masters \u00f8nsker alltid nye medlemmer velkommen.<\/p>\t\t\t\t\t\t\t\t<\/div>\n\t\t\t\t<div class=\"elementor-element elementor-element-ffd1096 elementor-widget elementor-widget-text-editor\" data-id=\"ffd1096\" data-element_type=\"widget\" data-e-type=\"widget\" data-widget_type=\"text-editor.default\">\n\t\t\t\t\t\t\t\t\t<p><span style=\"color: #000000;\"><strong>Treningstidene til partiene v\u00e5re<\/strong><\/span><\/p><p><strong>\u00a0<\/strong><\/p>\t\t\t\t\t\t\t\t<\/div>\n\t\t\t\t<div class=\"elementor-element elementor-element-4b974c9 elementor-widget__width-initial elementor-invisible elementor-widget elementor-widget-button\" data-id=\"4b974c9\" data-element_type=\"widget\" data-e-type=\"widget\" data-settings=\"{&quot;_animation&quot;:&quot;fadeInDown&quot;}\" data-widget_type=\"button.default\">\n\t\t\t\t\t\t\t\t\t\t<a class=\"elementor-button elementor-button-link elementor-size-sm\" href=\"https:\/\/larviksvommeklubb.no\/index.php\/portfolio\/\">\n\t\t\t\t\t\t<span class=\"elementor-button-content-wrapper\">\n\t\t\t\t\t\t\t\t\t<span class=\"elementor-button-text\">Treningstider<\/span>\n\t\t\t\t\t<\/span>\n\t\t\t\t\t<\/a>\n\t\t\t\t\t\t\t\t<\/div>\n\t\t\t\t<div class=\"elementor-element elementor-element-ef28302 elementor-widget elementor-widget-text-editor\" data-id=\"ef28302\" data-element_type=\"widget\" data-e-type=\"widget\" data-widget_type=\"text-editor.default\">\n\t\t\t\t\t\t\t\t\t<h6><strong><span style=\"color: #000000;\">Visjon<\/span><\/strong><\/h6><p>LSK sin visjon: Vi LSKer sv\u00f8mming<\/p><p>Dette er dr\u00f8mmen v\u00e5r og et bilde av den fremtiden vi \u00f8nsker for klubben. Visjonen forteller hvorfor folk er med og gj\u00f8r en innsats for akkurat v\u00e5r klubb. Den sier hva vi skal strekke oss etter og skape sammen. For at visjonen skal kunne omsettes til handling, kreves det god kommunikasjon.<\/p>\t\t\t\t\t\t\t\t<\/div>\n\t\t\t\t<\/div>\n\t\t<div class=\"elementor-element elementor-element-0045f08 e-con-full e-flex e-con e-child\" data-id=\"0045f08\" data-element_type=\"container\" data-e-type=\"container\">\n\t\t\t\t<div class=\"elementor-element elementor-element-92c9a6e elementor-widget elementor-widget-text-editor\" data-id=\"92c9a6e\" data-element_type=\"widget\" data-e-type=\"widget\" data-widget_type=\"text-editor.default\">\n\t\t\t\t\t\t\t\t\t<h6><span style=\"color: #000000;\"><strong>Verdigrunnlag<\/strong><\/span><\/h6><p>LSK baserer sin aktivitet p\u00e5 felles vedtatte aktivitetsverdier for norsk idrett: Idrettsglede, fellesskap, helse og \u00e6rlighet.<\/p><p>Klubben v\u00e5r drives etter idrettens organisasjonsverdier: Frivillighet, demokrati, lojalitet og likeverd. Ut fra fellesverdiene i norsk idrett, har LSK tydeliggjort hva som skal prege oss og<\/p><p>klubben v\u00e5r. Verdiene beskriver hvordan vi er og hvordan vi vil bli. LSK sine verdier: Trivsel, Samhold, Trygghet<\/p><p>Verdiene skal hjelpe oss til<\/p><ul><li>\u00c5 skape et godt klubbmilj\u00f8, der vi tar godt vare p\u00e5 hverandre<\/li><li>\u00c5 skape gode holdninger, som f\u00f8rer til et godt treningsklima<\/li><li>\u00c5 v\u00e6re en klubb som er kjent for godt samarbeid og god oppf\u00f8rsel<\/li><li>\u00c5 fremst\u00e5 slik klubben \u00f8nsker i alle sammenhenger\u00a0\u00e5 bli tydelige, f\u00e5 frem det som skiller oss fra andre, og klargj\u00f8re v\u00e5r spesielle identitet<\/li><\/ul><div>\u00a0<\/div><div>Sv\u00f8mmeklubben er aktiv b\u00e5de p\u00e5 rekruttstevner og approberte stevner. Vi arrangerer ogs\u00e5 egne rekruttstevner \u00e5rlig. I tillegg har klubben sv\u00f8mmeundervisning for b\u00e5de barn, ungdom og voksne. Vi har et godt tilbud for parasv\u00f8mmere. Det er en aktiv klubb, som legger ned veldig mye god jobb for alle medlemmer.\u00a0\u00a0<\/div>\t\t\t\t\t\t\t\t<\/div>\n\t\t\t\t<div class=\"elementor-element elementor-element-7b07797 elementor-widget elementor-widget-text-editor\" data-id=\"7b07797\" data-element_type=\"widget\" data-e-type=\"widget\" data-widget_type=\"text-editor.default\">\n\t\t\t\t\t\t\t\t\t<h6><strong><span style=\"color: #000000;\">Historie<\/span><\/strong><\/h6><p>Larvik sv\u00f8mmeklubb ble stiftet 22.mai 1935 som en gruppe i Larvik Turn- og idrettsforening. 14. april 1947 ble det i m\u00f8te mellom hovedstyret i Larvik Turn &amp;idrettsforening og styret i sv\u00f8mmegruppa , fattet vedtak om at gruppa skulle bli en selvstendig klubb; under navnet Larvik Sv\u00f8mmeklubb.<\/p><p>Sommeren 1962 ble det invitert til trening i Kilen, etter at klubben hadde ligget i dvale en del \u00e5r. Alle gutter og jenter som ville pr\u00f8ve seg i konkurransesv\u00f8mming kunne m\u00f8te til trening. Det m\u00f8tte kun 5-6 gutter til f\u00f8rste trening, men nyheten spredde seg og antall sv\u00f8mmere \u00f8kte utover sommeren. Det \u00e5ret stod Tjodalyng sv\u00f8mmehall ferdig og<br \/>vi hadde f\u00e5tt v\u00e5r f\u00f8rste innend\u00f8rs sv\u00f8mmehall i distriktet.<\/p><p>I 1965 stod Farrishallen ferdig, og det var opptakskrav for \u00e5 starte i klubben. Klubben har hatt aktiviteter som stup, livredning, sv\u00f8mmeskole og konkurransesv\u00f8mming. N\u00e5 er det sv\u00f8mmeskole og konkurransesv\u00f8mming som er det<br \/>klubben driver med til daglig. I tillegg gjennomf\u00f8rer klubben livredningskurs for skoler, barnehager og andre som har behov for dette.<\/p>\t\t\t\t\t\t\t\t<\/div>\n\t\t\t\t<\/div>\n\t\t\t\t\t<\/div>\n\t\t\t\t<\/div>\n\t\t<div class=\"elementor-element elementor-element-971a8ef e-con-full e-flex e-con e-parent\" data-id=\"971a8ef\" data-element_type=\"container\" data-e-type=\"container\" data-settings=\"{&quot;background_background&quot;:&quot;classic&quot;}\">\n\t\t<div class=\"elementor-element elementor-element-9bf2f93 e-con-full e-flex e-con e-child\" data-id=\"9bf2f93\" data-element_type=\"container\" data-e-type=\"container\">\n\t\t\t\t<div class=\"elementor-element elementor-element-4b269c8 elementor-widget__width-initial elementor-widget elementor-widget-heading\" data-id=\"4b269c8\" data-element_type=\"widget\" data-e-type=\"widget\" data-widget_type=\"heading.default\">\n\t\t\t\t\t<h2 class=\"elementor-heading-title elementor-size-default\">Ser dette ut som noe for deg, ta kontakt!<\/h2>\t\t\t\t<\/div>\n\t\t\t\t<div class=\"elementor-element elementor-element-ea76987 elementor-widget elementor-widget-text-editor\" data-id=\"ea76987\" data-element_type=\"widget\" data-e-type=\"widget\" data-widget_type=\"text-editor.default\">\n\t\t\t\t\t\t\t\t\t<p>Har du lyst til \u00e5 pr\u00f8ve ut sv\u00f8mming. Ta kontakt med oss, s\u00e5 finner vi det partiet som passer for deg.&nbsp;<\/p>\t\t\t\t\t\t\t\t<\/div>\n\t\t<div class=\"elementor-element elementor-element-4a54a5d e-con-full e-flex e-con e-child\" data-id=\"4a54a5d\" data-element_type=\"container\" data-e-type=\"container\">\n\t\t\t\t<div class=\"elementor-element elementor-element-33ea352 elementor-widget__width-initial elementor-invisible elementor-widget elementor-widget-button\" data-id=\"33ea352\" data-element_type=\"widget\" data-e-type=\"widget\" data-settings=\"{&quot;_animation&quot;:&quot;fadeInDown&quot;}\" data-widget_type=\"button.default\">\n\t\t\t\t\t\t\t\t\t\t<a class=\"elementor-button elementor-button-link elementor-size-sm\" href=\"https:\/\/larviksvommeklubb.no\/index.php\/contact\/\">\n\t\t\t\t\t\t<span class=\"elementor-button-content-wrapper\">\n\t\t\t\t\t\t\t\t\t<span class=\"elementor-button-text\">Kontakt<\/span>\n\t\t\t\t\t<\/span>\n\t\t\t\t\t<\/a>\n\t\t\t\t\t\t\t\t<\/div>\n\t\t\t\t<\/div>\n\t\t\t\t<\/div>\n\t\t<div class=\"elementor-element elementor-element-e0e80b3 e-con-full e-flex e-con e-child\" data-id=\"e0e80b3\" data-element_type=\"container\" data-e-type=\"container\">\n\t\t\t\t<div class=\"elementor-element elementor-element-f848425 elementor-widget elementor-widget-image\" data-id=\"f848425\" data-element_type=\"widget\" data-e-type=\"widget\" data-widget_type=\"image.default\">\n\t\t\t\t\t\t\t\t\t\t\t\t\t\t\t<img decoding=\"async\" width=\"400\" height=\"431\" src=\"https:\/\/larviksvommeklubb.no\/wp-content\/uploads\/2025\/10\/277790524_400301812100880_8304823727079010002_n-removebg-preview.png\" class=\"attachment-full size-full wp-image-113\" alt=\"\" srcset=\"https:\/\/larviksvommeklubb.no\/wp-content\/uploads\/2025\/10\/277790524_400301812100880_8304823727079010002_n-removebg-preview.png 400w, https:\/\/larviksvommeklubb.no\/wp-content\/uploads\/2025\/10\/277790524_400301812100880_8304823727079010002_n-removebg-preview-278x300.png 278w\" sizes=\"(max-width: 400px) 100vw, 400px\" \/>\t\t\t\t\t\t\t\t\t\t\t\t\t\t\t<\/div>\n\t\t\t\t<\/div>\n\t\t\t\t<\/div>\n\t\t\t\t<\/div>\n\t\t","protected":false},"excerpt":{"rendered":"<p>Larvik sv\u00f8mmeklubb Larvik sv\u00f8mmeklubb er en klubb som satser p\u00e5 konkurransesv\u00f8mming, hvor topp og bredde g\u00e5r sammen i en parallell utvikling. Aktivitetene er preget av trivsel, sportslige og sosiale ambisjoner.\u00a0 V\u00e5re partier: D-Partiet Tilbud om 2 sv\u00f8mme\u00f8kter i uken. Hovedtyngde 8-11 \u00e5r Kan delta p\u00e5 rekruttstevner \u00a0 C-Partiet Tilbud om 3 sv\u00f8mme\u00f8kter + 1 basis\u00f8kt [&hellip;]<\/p>\n","protected":false},"author":1,"featured_media":0,"parent":0,"menu_order":0,"comment_status":"closed","ping_status":"closed","template":"","meta":{"footnotes":""},"class_list":["post-348","page","type-page","status-publish","hentry"],"yoast_head":"<!-- This site is optimized with the Yoast SEO plugin v27.4 - https:\/\/yoast.com\/product\/yoast-seo-wordpress\/ -->\n<title>Klubben v\u00e5r - Larvik sv\u00f8mmeklubb<\/title>\n<meta name=\"robots\" content=\"index, follow, max-snippet:-1, max-image-preview:large, max-video-preview:-1\" \/>\n<link rel=\"canonical\" href=\"https:\/\/larviksvommeklubb.no\/index.php\/klubben-var\/\" \/>\n<meta property=\"og:locale\" content=\"nb_NO\" \/>\n<meta property=\"og:type\" content=\"article\" \/>\n<meta property=\"og:title\" content=\"Klubben v\u00e5r - Larvik sv\u00f8mmeklubb\" \/>\n<meta property=\"og:description\" content=\"Larvik sv\u00f8mmeklubb Larvik sv\u00f8mmeklubb er en klubb som satser p\u00e5 konkurransesv\u00f8mming, hvor topp og bredde g\u00e5r sammen i en parallell utvikling. Aktivitetene er preget av trivsel, sportslige og sosiale ambisjoner.\u00a0 V\u00e5re partier: D-Partiet Tilbud om 2 sv\u00f8mme\u00f8kter i uken. Hovedtyngde 8-11 \u00e5r Kan delta p\u00e5 rekruttstevner \u00a0 C-Partiet Tilbud om 3 sv\u00f8mme\u00f8kter + 1 basis\u00f8kt [&hellip;]\" \/>\n<meta property=\"og:url\" content=\"https:\/\/larviksvommeklubb.no\/index.php\/klubben-var\/\" \/>\n<meta property=\"og:site_name\" content=\"Larvik sv\u00f8mmeklubb\" \/>\n<meta property=\"article:modified_time\" content=\"2026-01-29T13:41:52+00:00\" \/>\n<meta property=\"og:image\" content=\"https:\/\/larviksvommeklubb.no\/wp-content\/uploads\/2025\/10\/a9751d11-ed0f-43b4-b2f2-597124464e9b.jpg\" \/>\n\t<meta property=\"og:image:width\" content=\"2048\" \/>\n\t<meta property=\"og:image:height\" content=\"965\" \/>\n\t<meta property=\"og:image:type\" content=\"image\/jpeg\" \/>\n<meta name=\"twitter:card\" content=\"summary_large_image\" \/>\n<meta name=\"twitter:label1\" content=\"Ansl. lesetid\" \/>\n\t<meta name=\"twitter:data1\" content=\"4 minutter\" \/>\n<script type=\"application\/ld+json\" class=\"yoast-schema-graph\">{\"@context\":\"https:\\\/\\\/schema.org\",\"@graph\":[{\"@type\":\"WebPage\",\"@id\":\"https:\\\/\\\/larviksvommeklubb.no\\\/index.php\\\/klubben-var\\\/\",\"url\":\"https:\\\/\\\/larviksvommeklubb.no\\\/index.php\\\/klubben-var\\\/\",\"name\":\"Klubben v\u00e5r - Larvik sv\u00f8mmeklubb\",\"isPartOf\":{\"@id\":\"https:\\\/\\\/larviksvommeklubb.no\\\/#website\"},\"primaryImageOfPage\":{\"@id\":\"https:\\\/\\\/larviksvommeklubb.no\\\/index.php\\\/klubben-var\\\/#primaryimage\"},\"image\":{\"@id\":\"https:\\\/\\\/larviksvommeklubb.no\\\/index.php\\\/klubben-var\\\/#primaryimage\"},\"thumbnailUrl\":\"https:\\\/\\\/larviksvommeklubb.no\\\/wp-content\\\/uploads\\\/2025\\\/10\\\/a9751d11-ed0f-43b4-b2f2-597124464e9b-1024x483.jpg\",\"datePublished\":\"2025-10-09T12:42:04+00:00\",\"dateModified\":\"2026-01-29T13:41:52+00:00\",\"breadcrumb\":{\"@id\":\"https:\\\/\\\/larviksvommeklubb.no\\\/index.php\\\/klubben-var\\\/#breadcrumb\"},\"inLanguage\":\"nb-NO\",\"potentialAction\":[{\"@type\":\"ReadAction\",\"target\":[\"https:\\\/\\\/larviksvommeklubb.no\\\/index.php\\\/klubben-var\\\/\"]}]},{\"@type\":\"ImageObject\",\"inLanguage\":\"nb-NO\",\"@id\":\"https:\\\/\\\/larviksvommeklubb.no\\\/index.php\\\/klubben-var\\\/#primaryimage\",\"url\":\"https:\\\/\\\/larviksvommeklubb.no\\\/wp-content\\\/uploads\\\/2025\\\/10\\\/a9751d11-ed0f-43b4-b2f2-597124464e9b.jpg\",\"contentUrl\":\"https:\\\/\\\/larviksvommeklubb.no\\\/wp-content\\\/uploads\\\/2025\\\/10\\\/a9751d11-ed0f-43b4-b2f2-597124464e9b.jpg\",\"width\":2048,\"height\":965},{\"@type\":\"BreadcrumbList\",\"@id\":\"https:\\\/\\\/larviksvommeklubb.no\\\/index.php\\\/klubben-var\\\/#breadcrumb\",\"itemListElement\":[{\"@type\":\"ListItem\",\"position\":1,\"name\":\"Hjem\",\"item\":\"https:\\\/\\\/larviksvommeklubb.no\\\/\"},{\"@type\":\"ListItem\",\"position\":2,\"name\":\"Klubben v\u00e5r\"}]},{\"@type\":\"WebSite\",\"@id\":\"https:\\\/\\\/larviksvommeklubb.no\\\/#website\",\"url\":\"https:\\\/\\\/larviksvommeklubb.no\\\/\",\"name\":\"Larvik sv\u00f8mmeklubb\",\"description\":\"En sv\u00f8meklubb for store og sm\u00e5 i larvik\",\"publisher\":{\"@id\":\"https:\\\/\\\/larviksvommeklubb.no\\\/#organization\"},\"potentialAction\":[{\"@type\":\"SearchAction\",\"target\":{\"@type\":\"EntryPoint\",\"urlTemplate\":\"https:\\\/\\\/larviksvommeklubb.no\\\/?s={search_term_string}\"},\"query-input\":{\"@type\":\"PropertyValueSpecification\",\"valueRequired\":true,\"valueName\":\"search_term_string\"}}],\"inLanguage\":\"nb-NO\"},{\"@type\":\"Organization\",\"@id\":\"https:\\\/\\\/larviksvommeklubb.no\\\/#organization\",\"name\":\"Larvik sv\u00f8mmeklubb\",\"url\":\"https:\\\/\\\/larviksvommeklubb.no\\\/\",\"logo\":{\"@type\":\"ImageObject\",\"inLanguage\":\"nb-NO\",\"@id\":\"https:\\\/\\\/larviksvommeklubb.no\\\/#\\\/schema\\\/logo\\\/image\\\/\",\"url\":\"https:\\\/\\\/larviksvommeklubb.no\\\/wp-content\\\/uploads\\\/2025\\\/10\\\/277790524_400301812100880_8304823727079010002_n-removebg-preview.png\",\"contentUrl\":\"https:\\\/\\\/larviksvommeklubb.no\\\/wp-content\\\/uploads\\\/2025\\\/10\\\/277790524_400301812100880_8304823727079010002_n-removebg-preview.png\",\"width\":400,\"height\":431,\"caption\":\"Larvik sv\u00f8mmeklubb\"},\"image\":{\"@id\":\"https:\\\/\\\/larviksvommeklubb.no\\\/#\\\/schema\\\/logo\\\/image\\\/\"}}]}<\/script>\n<!-- \/ Yoast SEO plugin. -->","yoast_head_json":{"title":"Klubben v\u00e5r - Larvik sv\u00f8mmeklubb","robots":{"index":"index","follow":"follow","max-snippet":"max-snippet:-1","max-image-preview":"max-image-preview:large","max-video-preview":"max-video-preview:-1"},"canonical":"https:\/\/larviksvommeklubb.no\/index.php\/klubben-var\/","og_locale":"nb_NO","og_type":"article","og_title":"Klubben v\u00e5r - Larvik sv\u00f8mmeklubb","og_description":"Larvik sv\u00f8mmeklubb Larvik sv\u00f8mmeklubb er en klubb som satser p\u00e5 konkurransesv\u00f8mming, hvor topp og bredde g\u00e5r sammen i en parallell utvikling. Aktivitetene er preget av trivsel, sportslige og sosiale ambisjoner.\u00a0 V\u00e5re partier: D-Partiet Tilbud om 2 sv\u00f8mme\u00f8kter i uken. Hovedtyngde 8-11 \u00e5r Kan delta p\u00e5 rekruttstevner \u00a0 C-Partiet Tilbud om 3 sv\u00f8mme\u00f8kter + 1 basis\u00f8kt [&hellip;]","og_url":"https:\/\/larviksvommeklubb.no\/index.php\/klubben-var\/","og_site_name":"Larvik sv\u00f8mmeklubb","article_modified_time":"2026-01-29T13:41:52+00:00","og_image":[{"width":2048,"height":965,"url":"https:\/\/larviksvommeklubb.no\/wp-content\/uploads\/2025\/10\/a9751d11-ed0f-43b4-b2f2-597124464e9b.jpg","type":"image\/jpeg"}],"twitter_card":"summary_large_image","twitter_misc":{"Ansl. lesetid":"4 minutter"},"schema":{"@context":"https:\/\/schema.org","@graph":[{"@type":"WebPage","@id":"https:\/\/larviksvommeklubb.no\/index.php\/klubben-var\/","url":"https:\/\/larviksvommeklubb.no\/index.php\/klubben-var\/","name":"Klubben v\u00e5r - Larvik sv\u00f8mmeklubb","isPartOf":{"@id":"https:\/\/larviksvommeklubb.no\/#website"},"primaryImageOfPage":{"@id":"https:\/\/larviksvommeklubb.no\/index.php\/klubben-var\/#primaryimage"},"image":{"@id":"https:\/\/larviksvommeklubb.no\/index.php\/klubben-var\/#primaryimage"},"thumbnailUrl":"https:\/\/larviksvommeklubb.no\/wp-content\/uploads\/2025\/10\/a9751d11-ed0f-43b4-b2f2-597124464e9b-1024x483.jpg","datePublished":"2025-10-09T12:42:04+00:00","dateModified":"2026-01-29T13:41:52+00:00","breadcrumb":{"@id":"https:\/\/larviksvommeklubb.no\/index.php\/klubben-var\/#breadcrumb"},"inLanguage":"nb-NO","potentialAction":[{"@type":"ReadAction","target":["https:\/\/larviksvommeklubb.no\/index.php\/klubben-var\/"]}]},{"@type":"ImageObject","inLanguage":"nb-NO","@id":"https:\/\/larviksvommeklubb.no\/index.php\/klubben-var\/#primaryimage","url":"https:\/\/larviksvommeklubb.no\/wp-content\/uploads\/2025\/10\/a9751d11-ed0f-43b4-b2f2-597124464e9b.jpg","contentUrl":"https:\/\/larviksvommeklubb.no\/wp-content\/uploads\/2025\/10\/a9751d11-ed0f-43b4-b2f2-597124464e9b.jpg","width":2048,"height":965},{"@type":"BreadcrumbList","@id":"https:\/\/larviksvommeklubb.no\/index.php\/klubben-var\/#breadcrumb","itemListElement":[{"@type":"ListItem","position":1,"name":"Hjem","item":"https:\/\/larviksvommeklubb.no\/"},{"@type":"ListItem","position":2,"name":"Klubben v\u00e5r"}]},{"@type":"WebSite","@id":"https:\/\/larviksvommeklubb.no\/#website","url":"https:\/\/larviksvommeklubb.no\/","name":"Larvik sv\u00f8mmeklubb","description":"En sv\u00f8meklubb for store og sm\u00e5 i larvik","publisher":{"@id":"https:\/\/larviksvommeklubb.no\/#organization"},"potentialAction":[{"@type":"SearchAction","target":{"@type":"EntryPoint","urlTemplate":"https:\/\/larviksvommeklubb.no\/?s={search_term_string}"},"query-input":{"@type":"PropertyValueSpecification","valueRequired":true,"valueName":"search_term_string"}}],"inLanguage":"nb-NO"},{"@type":"Organization","@id":"https:\/\/larviksvommeklubb.no\/#organization","name":"Larvik sv\u00f8mmeklubb","url":"https:\/\/larviksvommeklubb.no\/","logo":{"@type":"ImageObject","inLanguage":"nb-NO","@id":"https:\/\/larviksvommeklubb.no\/#\/schema\/logo\/image\/","url":"https:\/\/larviksvommeklubb.no\/wp-content\/uploads\/2025\/10\/277790524_400301812100880_8304823727079010002_n-removebg-preview.png","contentUrl":"https:\/\/larviksvommeklubb.no\/wp-content\/uploads\/2025\/10\/277790524_400301812100880_8304823727079010002_n-removebg-preview.png","width":400,"height":431,"caption":"Larvik sv\u00f8mmeklubb"},"image":{"@id":"https:\/\/larviksvommeklubb.no\/#\/schema\/logo\/image\/"}}]}},"_links":{"self":[{"href":"https:\/\/larviksvommeklubb.no\/index.php\/wp-json\/wp\/v2\/pages\/348","targetHints":{"allow":["GET"]}}],"collection":[{"href":"https:\/\/larviksvommeklubb.no\/index.php\/wp-json\/wp\/v2\/pages"}],"about":[{"href":"https:\/\/larviksvommeklubb.no\/index.php\/wp-json\/wp\/v2\/types\/page"}],"author":[{"embeddable":true,"href":"https:\/\/larviksvommeklubb.no\/index.php\/wp-json\/wp\/v2\/users\/1"}],"replies":[{"embeddable":true,"href":"https:\/\/larviksvommeklubb.no\/index.php\/wp-json\/wp\/v2\/comments?post=348"}],"version-history":[{"count":124,"href":"https:\/\/larviksvommeklubb.no\/index.php\/wp-json\/wp\/v2\/pages\/348\/revisions"}],"predecessor-version":[{"id":949,"href":"https:\/\/larviksvommeklubb.no\/index.php\/wp-json\/wp\/v2\/pages\/348\/revisions\/949"}],"wp:attachment":[{"href":"https:\/\/larviksvommeklubb.no\/index.php\/wp-json\/wp\/v2\/media?parent=348"}],"curies":[{"name":"wp","href":"https:\/\/api.w.org\/{rel}","templated":true}]}}