{"id":18,"date":"2025-10-07T19:45:22","date_gmt":"2025-10-07T19:45:22","guid":{"rendered":"https:\/\/larviksvommeklubb.no\/index.php\/about\/"},"modified":"2026-03-13T17:23:19","modified_gmt":"2026-03-13T17:23:19","slug":"om-oss","status":"publish","type":"page","link":"https:\/\/larviksvommeklubb.no\/index.php\/om-oss\/","title":{"rendered":"om oss"},"content":{"rendered":"\t\t<div data-elementor-type=\"wp-page\" data-elementor-id=\"18\" class=\"elementor elementor-18\">\n\t\t\t\t<div class=\"elementor-element elementor-element-65fa508 e-flex e-con-boxed e-con e-parent\" data-id=\"65fa508\" data-element_type=\"container\" data-e-type=\"container\">\n\t\t\t\t\t<div class=\"e-con-inner\">\n\t\t<div class=\"elementor-element elementor-element-b27ad8a e-con-full e-flex e-con e-child\" data-id=\"b27ad8a\" data-element_type=\"container\" data-e-type=\"container\">\n\t\t\t\t<div class=\"elementor-element elementor-element-bf3614d elementor-widget elementor-widget-heading\" data-id=\"bf3614d\" data-element_type=\"widget\" data-e-type=\"widget\" data-widget_type=\"heading.default\">\n\t\t\t\t\t<h2 class=\"elementor-heading-title elementor-size-default\">M\u00f8t v\u00e5re trenere<\/h2>\t\t\t\t<\/div>\n\t\t\t\t<\/div>\n\t\t\t\t\t<\/div>\n\t\t\t\t<\/div>\n\t\t<div class=\"elementor-element elementor-element-63978b6 e-flex e-con-boxed e-con e-child\" data-id=\"63978b6\" data-element_type=\"container\" data-e-type=\"container\">\n\t\t\t\t\t<div class=\"e-con-inner\">\n\t\t\t\t<div class=\"elementor-element elementor-element-36bb001 elementor-widget-tablet__width-initial elementor-widget-mobile__width-inherit elementor-widget__width-initial elementor-position-top elementor-widget elementor-widget-image-box\" data-id=\"36bb001\" data-element_type=\"widget\" data-e-type=\"widget\" data-widget_type=\"image-box.default\">\n\t\t\t\t\t<div class=\"elementor-image-box-wrapper\"><figure class=\"elementor-image-box-img\"><img fetchpriority=\"high\" decoding=\"async\" width=\"742\" height=\"814\" src=\"https:\/\/larviksvommeklubb.no\/wp-content\/uploads\/2025\/10\/IMG_D344756BCA4A-1.jpeg\" class=\"elementor-animation-grow attachment-full size-full wp-image-290\" alt=\"\" srcset=\"https:\/\/larviksvommeklubb.no\/wp-content\/uploads\/2025\/10\/IMG_D344756BCA4A-1.jpeg 742w, https:\/\/larviksvommeklubb.no\/wp-content\/uploads\/2025\/10\/IMG_D344756BCA4A-1-273x300.jpeg 273w\" sizes=\"(max-width: 742px) 100vw, 742px\" \/><\/figure><div class=\"elementor-image-box-content\"><h4 class=\"elementor-image-box-title\">Juan Escalada<\/h4><p class=\"elementor-image-box-description\">Trener A + C <\/p><\/div><\/div>\t\t\t\t<\/div>\n\t\t\t\t<div class=\"elementor-element elementor-element-38df65c elementor-widget-tablet__width-initial elementor-widget-mobile__width-inherit elementor-widget__width-initial elementor-position-top elementor-widget elementor-widget-image-box\" data-id=\"38df65c\" data-element_type=\"widget\" data-e-type=\"widget\" data-widget_type=\"image-box.default\">\n\t\t\t\t\t<div class=\"elementor-image-box-wrapper\"><figure class=\"elementor-image-box-img\"><img decoding=\"async\" width=\"1290\" height=\"1295\" src=\"https:\/\/larviksvommeklubb.no\/wp-content\/uploads\/2025\/10\/IMG_EF94560E4918-1.jpeg\" class=\"elementor-animation-grow attachment-full size-full wp-image-289\" alt=\"\" srcset=\"https:\/\/larviksvommeklubb.no\/wp-content\/uploads\/2025\/10\/IMG_EF94560E4918-1.jpeg 1290w, https:\/\/larviksvommeklubb.no\/wp-content\/uploads\/2025\/10\/IMG_EF94560E4918-1-300x300.jpeg 300w, https:\/\/larviksvommeklubb.no\/wp-content\/uploads\/2025\/10\/IMG_EF94560E4918-1-1020x1024.jpeg 1020w, https:\/\/larviksvommeklubb.no\/wp-content\/uploads\/2025\/10\/IMG_EF94560E4918-1-150x150.jpeg 150w, https:\/\/larviksvommeklubb.no\/wp-content\/uploads\/2025\/10\/IMG_EF94560E4918-1-768x771.jpeg 768w\" sizes=\"(max-width: 1290px) 100vw, 1290px\" \/><\/figure><div class=\"elementor-image-box-content\"><h4 class=\"elementor-image-box-title\">Petter Malm<\/h4><p class=\"elementor-image-box-description\">Trener B + D<\/p><\/div><\/div>\t\t\t\t<\/div>\n\t\t\t\t<div class=\"elementor-element elementor-element-95407df elementor-widget-tablet__width-initial elementor-widget-mobile__width-inherit elementor-widget__width-initial elementor-position-top elementor-widget elementor-widget-image-box\" data-id=\"95407df\" data-element_type=\"widget\" data-e-type=\"widget\" data-widget_type=\"image-box.default\">\n\t\t\t\t\t<div class=\"elementor-image-box-wrapper\"><figure class=\"elementor-image-box-img\"><img decoding=\"async\" width=\"729\" height=\"817\" src=\"https:\/\/larviksvommeklubb.no\/wp-content\/uploads\/2025\/10\/IMG_F10EE73A1C3B-1.jpeg\" class=\"elementor-animation-grow attachment-full size-full wp-image-291\" alt=\"\" srcset=\"https:\/\/larviksvommeklubb.no\/wp-content\/uploads\/2025\/10\/IMG_F10EE73A1C3B-1.jpeg 729w, https:\/\/larviksvommeklubb.no\/wp-content\/uploads\/2025\/10\/IMG_F10EE73A1C3B-1-268x300.jpeg 268w\" sizes=\"(max-width: 729px) 100vw, 729px\" \/><\/figure><div class=\"elementor-image-box-content\"><h4 class=\"elementor-image-box-title\">Grethe Lill Olufsen<\/h4><p class=\"elementor-image-box-description\">Trener A + B + C<\/p><\/div><\/div>\t\t\t\t<\/div>\n\t\t\t\t\t<\/div>\n\t\t\t\t<\/div>\n\t\t<div class=\"elementor-element elementor-element-37f920d e-con-full e-flex e-con e-child\" data-id=\"37f920d\" data-element_type=\"container\" data-e-type=\"container\">\n\t\t\t\t<div class=\"elementor-element elementor-element-34fb123 elementor-widget-tablet__width-initial elementor-widget-mobile__width-inherit elementor-widget__width-initial elementor-widget elementor-widget-image-box\" data-id=\"34fb123\" data-element_type=\"widget\" data-e-type=\"widget\" data-widget_type=\"image-box.default\">\n\t\t\t\t\t<div class=\"elementor-image-box-wrapper\"><div class=\"elementor-image-box-content\"><h4 class=\"elementor-image-box-title\">Noah Tvedt-Larsen<\/h4><p class=\"elementor-image-box-description\">Trener C + D<\/p><\/div><\/div>\t\t\t\t<\/div>\n\t\t\t\t<div class=\"elementor-element elementor-element-bba54bc elementor-widget-tablet__width-initial elementor-widget-mobile__width-inherit elementor-widget__width-initial elementor-widget elementor-widget-image-box\" data-id=\"bba54bc\" data-element_type=\"widget\" data-e-type=\"widget\" data-widget_type=\"image-box.default\">\n\t\t\t\t\t<div class=\"elementor-image-box-wrapper\"><div class=\"elementor-image-box-content\"><h4 class=\"elementor-image-box-title\">Helene Josefine Bakke Helgaker<\/h4><p class=\"elementor-image-box-description\">Trener C + D<\/p><\/div><\/div>\t\t\t\t<\/div>\n\t\t\t\t<\/div>\n\t\t<div class=\"elementor-element elementor-element-undefined-e6e6afc e-flex e-con-boxed e-con e-parent\" data-id=\"undefined-e6e6afc\" data-element_type=\"container\" data-e-type=\"container\">\n\t\t\t\t\t<div class=\"e-con-inner\">\n\t\t<div class=\"elementor-element elementor-element-undefined-4daa165 e-flex e-con-boxed e-con e-child\" data-id=\"undefined-4daa165\" data-element_type=\"container\" data-e-type=\"container\">\n\t\t\t\t\t<div class=\"e-con-inner\">\n\t\t\t\t<div class=\"elementor-element elementor-element-undefined-776f558 elementor-widget__width-initial elementor-widget elementor-widget-heading\" data-id=\"undefined-776f558\" data-element_type=\"widget\" data-e-type=\"widget\" data-widget_type=\"heading.default\">\n\t\t\t\t\t<h2 class=\"elementor-heading-title elementor-size-default\">Styret i LSK 2025-2026<\/h2>\t\t\t\t<\/div>\n\t\t\t\t<div class=\"elementor-element elementor-element-aab91fb elementor-widget__width-initial elementor-widget elementor-widget-text-editor\" data-id=\"aab91fb\" data-element_type=\"widget\" data-e-type=\"widget\" data-widget_type=\"text-editor.default\">\n\t\t\t\t\t\t\t\t\t<p><b>Styreleder:<\/b> Jane Eikenes<br><b>Nestleder:<\/b> Lillan Andersen<\/p>\n<p>&nbsp; <br><b>Styremedlemmer:<br><\/b>Torbj\u00f8rn Schr\u00f8en<br>Anniken Vedvik Hansen<br>Krzysztof Jaworski<\/p>\n<p><b>Vara:<br><\/b>Malin Dahl Frantzen <br>Imran Mugal<\/p>\t\t\t\t\t\t\t\t<\/div>\n\t\t\t\t\t<\/div>\n\t\t\t\t<\/div>\n\t\t\t\t\t<\/div>\n\t\t\t\t<\/div>\n\t\t<div class=\"elementor-element elementor-element-43ddbbb e-flex e-con-boxed e-con e-parent\" data-id=\"43ddbbb\" data-element_type=\"container\" data-e-type=\"container\">\n\t\t\t\t\t<div class=\"e-con-inner\">\n\t\t\t\t<div class=\"elementor-element elementor-element-5e1f96b elementor-widget__width-initial elementor-align-center elementor-invisible elementor-widget elementor-widget-button\" data-id=\"5e1f96b\" data-element_type=\"widget\" data-e-type=\"widget\" data-settings=\"{&quot;_animation&quot;:&quot;fadeInDown&quot;}\" data-widget_type=\"button.default\">\n\t\t\t\t\t\t\t\t\t\t<a class=\"elementor-button elementor-button-link elementor-size-sm\" href=\"https:\/\/larviksvommeklubb.no\/index.php\/dokumenter\">\n\t\t\t\t\t\t<span class=\"elementor-button-content-wrapper\">\n\t\t\t\t\t\t\t\t\t<span class=\"elementor-button-text\">\u00c5rsm\u00f8ter<\/span>\n\t\t\t\t\t<\/span>\n\t\t\t\t\t<\/a>\n\t\t\t\t\t\t\t\t<\/div>\n\t\t\t\t\t<\/div>\n\t\t\t\t<\/div>\n\t\t\t\t<\/div>\n\t\t","protected":false},"excerpt":{"rendered":"<p>M\u00f8t v\u00e5re trenere Juan Escalada Trener A + C Petter Malm Trener B + D Grethe Lill Olufsen Trener A + B + C Noah Tvedt-Larsen Trener C + D Helene Josefine Bakke Helgaker Trener C + D Styret i LSK 2025-2026 Styreleder: Jane EikenesNestleder: Lillan Andersen &nbsp; Styremedlemmer:Torbj\u00f8rn Schr\u00f8enAnniken Vedvik HansenKrzysztof Jaworski Vara:Malin Dahl [&hellip;]<\/p>\n","protected":false},"author":1,"featured_media":23,"parent":0,"menu_order":0,"comment_status":"closed","ping_status":"closed","template":"elementor_header_footer","meta":{"footnotes":""},"class_list":["post-18","page","type-page","status-publish","has-post-thumbnail","hentry"],"yoast_head":"<!-- This site is optimized with the Yoast SEO plugin v27.4 - https:\/\/yoast.com\/product\/yoast-seo-wordpress\/ -->\n<title>om oss - Larvik sv\u00f8mmeklubb<\/title>\n<meta name=\"robots\" content=\"index, follow, max-snippet:-1, max-image-preview:large, max-video-preview:-1\" \/>\n<link rel=\"canonical\" href=\"https:\/\/larviksvommeklubb.no\/index.php\/om-oss\/\" \/>\n<meta property=\"og:locale\" content=\"nb_NO\" \/>\n<meta property=\"og:type\" content=\"article\" \/>\n<meta property=\"og:title\" content=\"om oss - Larvik sv\u00f8mmeklubb\" \/>\n<meta property=\"og:description\" content=\"M\u00f8t v\u00e5re trenere Juan Escalada Trener A + C Petter Malm Trener B + D Grethe Lill Olufsen Trener A + B + C Noah Tvedt-Larsen Trener C + D Helene Josefine Bakke Helgaker Trener C + D Styret i LSK 2025-2026 Styreleder: Jane EikenesNestleder: Lillan Andersen &nbsp; Styremedlemmer:Torbj\u00f8rn Schr\u00f8enAnniken Vedvik HansenKrzysztof Jaworski Vara:Malin Dahl [&hellip;]\" \/>\n<meta property=\"og:url\" content=\"https:\/\/larviksvommeklubb.no\/index.php\/om-oss\/\" \/>\n<meta property=\"og:site_name\" content=\"Larvik sv\u00f8mmeklubb\" \/>\n<meta property=\"article:modified_time\" content=\"2026-03-13T17:23:19+00:00\" \/>\n<meta property=\"og:image\" content=\"https:\/\/larviksvommeklubb.no\/wp-content\/uploads\/2025\/10\/About-400_380.jpg\" \/>\n\t<meta property=\"og:image:width\" content=\"400\" \/>\n\t<meta property=\"og:image:height\" content=\"380\" \/>\n\t<meta property=\"og:image:type\" content=\"image\/jpeg\" \/>\n<meta name=\"twitter:card\" content=\"summary_large_image\" \/>\n<meta name=\"twitter:label1\" content=\"Ansl. lesetid\" \/>\n\t<meta name=\"twitter:data1\" content=\"2 minutter\" \/>\n<script type=\"application\/ld+json\" class=\"yoast-schema-graph\">{\"@context\":\"https:\\\/\\\/schema.org\",\"@graph\":[{\"@type\":\"WebPage\",\"@id\":\"https:\\\/\\\/larviksvommeklubb.no\\\/index.php\\\/om-oss\\\/\",\"url\":\"https:\\\/\\\/larviksvommeklubb.no\\\/index.php\\\/om-oss\\\/\",\"name\":\"om oss - Larvik sv\u00f8mmeklubb\",\"isPartOf\":{\"@id\":\"https:\\\/\\\/larviksvommeklubb.no\\\/#website\"},\"primaryImageOfPage\":{\"@id\":\"https:\\\/\\\/larviksvommeklubb.no\\\/index.php\\\/om-oss\\\/#primaryimage\"},\"image\":{\"@id\":\"https:\\\/\\\/larviksvommeklubb.no\\\/index.php\\\/om-oss\\\/#primaryimage\"},\"thumbnailUrl\":\"https:\\\/\\\/larviksvommeklubb.no\\\/wp-content\\\/uploads\\\/2025\\\/10\\\/About-400_380.jpg\",\"datePublished\":\"2025-10-07T19:45:22+00:00\",\"dateModified\":\"2026-03-13T17:23:19+00:00\",\"breadcrumb\":{\"@id\":\"https:\\\/\\\/larviksvommeklubb.no\\\/index.php\\\/om-oss\\\/#breadcrumb\"},\"inLanguage\":\"nb-NO\",\"potentialAction\":[{\"@type\":\"ReadAction\",\"target\":[\"https:\\\/\\\/larviksvommeklubb.no\\\/index.php\\\/om-oss\\\/\"]}]},{\"@type\":\"ImageObject\",\"inLanguage\":\"nb-NO\",\"@id\":\"https:\\\/\\\/larviksvommeklubb.no\\\/index.php\\\/om-oss\\\/#primaryimage\",\"url\":\"https:\\\/\\\/larviksvommeklubb.no\\\/wp-content\\\/uploads\\\/2025\\\/10\\\/About-400_380.jpg\",\"contentUrl\":\"https:\\\/\\\/larviksvommeklubb.no\\\/wp-content\\\/uploads\\\/2025\\\/10\\\/About-400_380.jpg\",\"width\":400,\"height\":380},{\"@type\":\"BreadcrumbList\",\"@id\":\"https:\\\/\\\/larviksvommeklubb.no\\\/index.php\\\/om-oss\\\/#breadcrumb\",\"itemListElement\":[{\"@type\":\"ListItem\",\"position\":1,\"name\":\"Hjem\",\"item\":\"https:\\\/\\\/larviksvommeklubb.no\\\/\"},{\"@type\":\"ListItem\",\"position\":2,\"name\":\"om oss\"}]},{\"@type\":\"WebSite\",\"@id\":\"https:\\\/\\\/larviksvommeklubb.no\\\/#website\",\"url\":\"https:\\\/\\\/larviksvommeklubb.no\\\/\",\"name\":\"Larvik sv\u00f8mmeklubb\",\"description\":\"En sv\u00f8meklubb for store og sm\u00e5 i larvik\",\"publisher\":{\"@id\":\"https:\\\/\\\/larviksvommeklubb.no\\\/#organization\"},\"potentialAction\":[{\"@type\":\"SearchAction\",\"target\":{\"@type\":\"EntryPoint\",\"urlTemplate\":\"https:\\\/\\\/larviksvommeklubb.no\\\/?s={search_term_string}\"},\"query-input\":{\"@type\":\"PropertyValueSpecification\",\"valueRequired\":true,\"valueName\":\"search_term_string\"}}],\"inLanguage\":\"nb-NO\"},{\"@type\":\"Organization\",\"@id\":\"https:\\\/\\\/larviksvommeklubb.no\\\/#organization\",\"name\":\"Larvik sv\u00f8mmeklubb\",\"url\":\"https:\\\/\\\/larviksvommeklubb.no\\\/\",\"logo\":{\"@type\":\"ImageObject\",\"inLanguage\":\"nb-NO\",\"@id\":\"https:\\\/\\\/larviksvommeklubb.no\\\/#\\\/schema\\\/logo\\\/image\\\/\",\"url\":\"https:\\\/\\\/larviksvommeklubb.no\\\/wp-content\\\/uploads\\\/2025\\\/10\\\/277790524_400301812100880_8304823727079010002_n-removebg-preview.png\",\"contentUrl\":\"https:\\\/\\\/larviksvommeklubb.no\\\/wp-content\\\/uploads\\\/2025\\\/10\\\/277790524_400301812100880_8304823727079010002_n-removebg-preview.png\",\"width\":400,\"height\":431,\"caption\":\"Larvik sv\u00f8mmeklubb\"},\"image\":{\"@id\":\"https:\\\/\\\/larviksvommeklubb.no\\\/#\\\/schema\\\/logo\\\/image\\\/\"}}]}<\/script>\n<!-- \/ Yoast SEO plugin. -->","yoast_head_json":{"title":"om oss - Larvik sv\u00f8mmeklubb","robots":{"index":"index","follow":"follow","max-snippet":"max-snippet:-1","max-image-preview":"max-image-preview:large","max-video-preview":"max-video-preview:-1"},"canonical":"https:\/\/larviksvommeklubb.no\/index.php\/om-oss\/","og_locale":"nb_NO","og_type":"article","og_title":"om oss - Larvik sv\u00f8mmeklubb","og_description":"M\u00f8t v\u00e5re trenere Juan Escalada Trener A + C Petter Malm Trener B + D Grethe Lill Olufsen Trener A + B + C Noah Tvedt-Larsen Trener C + D Helene Josefine Bakke Helgaker Trener C + D Styret i LSK 2025-2026 Styreleder: Jane EikenesNestleder: Lillan Andersen &nbsp; Styremedlemmer:Torbj\u00f8rn Schr\u00f8enAnniken Vedvik HansenKrzysztof Jaworski Vara:Malin Dahl [&hellip;]","og_url":"https:\/\/larviksvommeklubb.no\/index.php\/om-oss\/","og_site_name":"Larvik sv\u00f8mmeklubb","article_modified_time":"2026-03-13T17:23:19+00:00","og_image":[{"width":400,"height":380,"url":"https:\/\/larviksvommeklubb.no\/wp-content\/uploads\/2025\/10\/About-400_380.jpg","type":"image\/jpeg"}],"twitter_card":"summary_large_image","twitter_misc":{"Ansl. lesetid":"2 minutter"},"schema":{"@context":"https:\/\/schema.org","@graph":[{"@type":"WebPage","@id":"https:\/\/larviksvommeklubb.no\/index.php\/om-oss\/","url":"https:\/\/larviksvommeklubb.no\/index.php\/om-oss\/","name":"om oss - Larvik sv\u00f8mmeklubb","isPartOf":{"@id":"https:\/\/larviksvommeklubb.no\/#website"},"primaryImageOfPage":{"@id":"https:\/\/larviksvommeklubb.no\/index.php\/om-oss\/#primaryimage"},"image":{"@id":"https:\/\/larviksvommeklubb.no\/index.php\/om-oss\/#primaryimage"},"thumbnailUrl":"https:\/\/larviksvommeklubb.no\/wp-content\/uploads\/2025\/10\/About-400_380.jpg","datePublished":"2025-10-07T19:45:22+00:00","dateModified":"2026-03-13T17:23:19+00:00","breadcrumb":{"@id":"https:\/\/larviksvommeklubb.no\/index.php\/om-oss\/#breadcrumb"},"inLanguage":"nb-NO","potentialAction":[{"@type":"ReadAction","target":["https:\/\/larviksvommeklubb.no\/index.php\/om-oss\/"]}]},{"@type":"ImageObject","inLanguage":"nb-NO","@id":"https:\/\/larviksvommeklubb.no\/index.php\/om-oss\/#primaryimage","url":"https:\/\/larviksvommeklubb.no\/wp-content\/uploads\/2025\/10\/About-400_380.jpg","contentUrl":"https:\/\/larviksvommeklubb.no\/wp-content\/uploads\/2025\/10\/About-400_380.jpg","width":400,"height":380},{"@type":"BreadcrumbList","@id":"https:\/\/larviksvommeklubb.no\/index.php\/om-oss\/#breadcrumb","itemListElement":[{"@type":"ListItem","position":1,"name":"Hjem","item":"https:\/\/larviksvommeklubb.no\/"},{"@type":"ListItem","position":2,"name":"om oss"}]},{"@type":"WebSite","@id":"https:\/\/larviksvommeklubb.no\/#website","url":"https:\/\/larviksvommeklubb.no\/","name":"Larvik sv\u00f8mmeklubb","description":"En sv\u00f8meklubb for store og sm\u00e5 i larvik","publisher":{"@id":"https:\/\/larviksvommeklubb.no\/#organization"},"potentialAction":[{"@type":"SearchAction","target":{"@type":"EntryPoint","urlTemplate":"https:\/\/larviksvommeklubb.no\/?s={search_term_string}"},"query-input":{"@type":"PropertyValueSpecification","valueRequired":true,"valueName":"search_term_string"}}],"inLanguage":"nb-NO"},{"@type":"Organization","@id":"https:\/\/larviksvommeklubb.no\/#organization","name":"Larvik sv\u00f8mmeklubb","url":"https:\/\/larviksvommeklubb.no\/","logo":{"@type":"ImageObject","inLanguage":"nb-NO","@id":"https:\/\/larviksvommeklubb.no\/#\/schema\/logo\/image\/","url":"https:\/\/larviksvommeklubb.no\/wp-content\/uploads\/2025\/10\/277790524_400301812100880_8304823727079010002_n-removebg-preview.png","contentUrl":"https:\/\/larviksvommeklubb.no\/wp-content\/uploads\/2025\/10\/277790524_400301812100880_8304823727079010002_n-removebg-preview.png","width":400,"height":431,"caption":"Larvik sv\u00f8mmeklubb"},"image":{"@id":"https:\/\/larviksvommeklubb.no\/#\/schema\/logo\/image\/"}}]}},"_links":{"self":[{"href":"https:\/\/larviksvommeklubb.no\/index.php\/wp-json\/wp\/v2\/pages\/18","targetHints":{"allow":["GET"]}}],"collection":[{"href":"https:\/\/larviksvommeklubb.no\/index.php\/wp-json\/wp\/v2\/pages"}],"about":[{"href":"https:\/\/larviksvommeklubb.no\/index.php\/wp-json\/wp\/v2\/types\/page"}],"author":[{"embeddable":true,"href":"https:\/\/larviksvommeklubb.no\/index.php\/wp-json\/wp\/v2\/users\/1"}],"replies":[{"embeddable":true,"href":"https:\/\/larviksvommeklubb.no\/index.php\/wp-json\/wp\/v2\/comments?post=18"}],"version-history":[{"count":68,"href":"https:\/\/larviksvommeklubb.no\/index.php\/wp-json\/wp\/v2\/pages\/18\/revisions"}],"predecessor-version":[{"id":994,"href":"https:\/\/larviksvommeklubb.no\/index.php\/wp-json\/wp\/v2\/pages\/18\/revisions\/994"}],"wp:featuredmedia":[{"embeddable":true,"href":"https:\/\/larviksvommeklubb.no\/index.php\/wp-json\/wp\/v2\/media\/23"}],"wp:attachment":[{"href":"https:\/\/larviksvommeklubb.no\/index.php\/wp-json\/wp\/v2\/media?parent=18"}],"curies":[{"name":"wp","href":"https:\/\/api.w.org\/{rel}","templated":true}]}}